{"id":491,"date":"2021-07-06T07:55:04","date_gmt":"2021-07-06T13:55:04","guid":{"rendered":"https:\/\/stock-mexico.com\/?post_type=product&#038;p=491"},"modified":"2021-07-06T07:55:05","modified_gmt":"2021-07-06T13:55:05","slug":"juego-de-117-destornilladores-de-precision-para-reparacion-de-equipo-electronico","status":"publish","type":"product","link":"https:\/\/stock-mexico.com\/index.php\/producto\/juego-de-117-destornilladores-de-precision-para-reparacion-de-equipo-electronico\/","title":{"rendered":"Juego de 117 destornilladores de precisi\u00f3n para reparaci\u00f3n de equipo electr\u00f3nico"},"content":{"rendered":"<p>Juego de 117 destornilladores de precisi\u00f3n para reparaci\u00f3n de equipo electr\u00f3nico<\/p>\n","protected":false},"excerpt":{"rendered":"<p>Juego de 117 destornilladores de precisi\u00f3n para reparaci\u00f3n de equipo electr\u00f3nico<\/p>\n","protected":false},"featured_media":487,"comment_status":"open","ping_status":"closed","template":"","meta":[],"_links":{"self":[{"href":"https:\/\/stock-mexico.com\/index.php\/wp-json\/wp\/v2\/product\/491"}],"collection":[{"href":"https:\/\/stock-mexico.com\/index.php\/wp-json\/wp\/v2\/product"}],"about":[{"href":"https:\/\/stock-mexico.com\/index.php\/wp-json\/wp\/v2\/types\/product"}],"replies":[{"embeddable":true,"href":"https:\/\/stock-mexico.com\/index.php\/wp-json\/wp\/v2\/comments?post=491"}],"version-history":[{"count":1,"href":"https:\/\/stock-mexico.com\/index.php\/wp-json\/wp\/v2\/product\/491\/revisions"}],"predecessor-version":[{"id":492,"href":"https:\/\/stock-mexico.com\/index.php\/wp-json\/wp\/v2\/product\/491\/revisions\/492"}],"wp:featuredmedia":[{"embeddable":true,"href":"https:\/\/stock-mexico.com\/index.php\/wp-json\/wp\/v2\/media\/487"}],"wp:attachment":[{"href":"https:\/\/stock-mexico.com\/index.php\/wp-json\/wp\/v2\/media?parent=491"}],"curies":[{"name":"wp","href":"https:\/\/api.w.org\/{rel}","templated":true}]}}